{"id":43,"date":"2023-03-26T11:34:48","date_gmt":"2023-03-26T09:34:48","guid":{"rendered":"http:\/\/maillonsdurhone.fr\/?page_id=43"},"modified":"2023-03-26T12:54:12","modified_gmt":"2023-03-26T10:54:12","slug":"atelier-participatif-de-reparation-et-dentretien-de-velos","status":"publish","type":"page","link":"https:\/\/maillonsdurhone.fr\/index.php\/atelier-participatif-de-reparation-et-dentretien-de-velos\/","title":{"rendered":"Atelier participatif de r\u00e9paration et d&#8217;entretien de v\u00e9los"},"content":{"rendered":"\n<p>Afin que la pratique du v\u00e9lo soit simple et facile, nous proposons un atelier v\u00e9lo. Il s&#8217;agit d&#8217;apprendre \u00e0 prendre soin de son deux roues avec les conseils d&#8217;autres cyclistes et la mise \u00e0 disposition d&#8217;outillage partag\u00e9 ad\u00e9quat.<\/p>\n\n\n\n<figure class=\"wp-block-image size-large\"><img decoding=\"async\" width=\"1024\" height=\"576\" data-src=\"https:\/\/maillonsdurhone.fr\/wp-content\/uploads\/2023\/03\/IMG_4338-edited-1024x576.jpg\" alt=\"\" class=\"wp-image-59 lazyload\" data-srcset=\"https:\/\/maillonsdurhone.fr\/wp-content\/uploads\/2023\/03\/IMG_4338-edited-1024x576.jpg 1024w, https:\/\/maillonsdurhone.fr\/wp-content\/uploads\/2023\/03\/IMG_4338-edited-300x169.jpg 300w, https:\/\/maillonsdurhone.fr\/wp-content\/uploads\/2023\/03\/IMG_4338-edited-768x432.jpg 768w, https:\/\/maillonsdurhone.fr\/wp-content\/uploads\/2023\/03\/IMG_4338-edited-1536x864.jpg 1536w, https:\/\/maillonsdurhone.fr\/wp-content\/uploads\/2023\/03\/IMG_4338-edited-2048x1152.jpg 2048w, https:\/\/maillonsdurhone.fr\/wp-content\/uploads\/2023\/03\/IMG_4338-edited-678x381.jpg 678w\" data-sizes=\"(max-width: 1024px) 100vw, 1024px\" src=\"data:image\/svg+xml;base64,PHN2ZyB3aWR0aD0iMSIgaGVpZ2h0PSIxIiB4bWxucz0iaHR0cDovL3d3dy53My5vcmcvMjAwMC9zdmciPjwvc3ZnPg==\" style=\"--smush-placeholder-width: 1024px; --smush-placeholder-aspect-ratio: 1024\/576;\" \/><\/figure>\n","protected":false},"excerpt":{"rendered":"<div class=\"mh-excerpt\"><p>Afin que la pratique du v\u00e9lo soit simple et facile, nous proposons un atelier v\u00e9lo. Il s&#8217;agit d&#8217;apprendre \u00e0 prendre soin de son deux roues <a class=\"mh-excerpt-more\" href=\"https:\/\/maillonsdurhone.fr\/index.php\/atelier-participatif-de-reparation-et-dentretien-de-velos\/\" title=\"Atelier participatif de r\u00e9paration et d&#8217;entretien de v\u00e9los\">[&#8230;]<\/a><\/p>\n<\/div>","protected":false},"author":1,"featured_media":0,"parent":0,"menu_order":0,"comment_status":"closed","ping_status":"closed","template":"","meta":{"footnotes":""},"class_list":["post-43","page","type-page","status-publish","hentry"],"_links":{"self":[{"href":"https:\/\/maillonsdurhone.fr\/index.php\/wp-json\/wp\/v2\/pages\/43","targetHints":{"allow":["GET"]}}],"collection":[{"href":"https:\/\/maillonsdurhone.fr\/index.php\/wp-json\/wp\/v2\/pages"}],"about":[{"href":"https:\/\/maillonsdurhone.fr\/index.php\/wp-json\/wp\/v2\/types\/page"}],"author":[{"embeddable":true,"href":"https:\/\/maillonsdurhone.fr\/index.php\/wp-json\/wp\/v2\/users\/1"}],"replies":[{"embeddable":true,"href":"https:\/\/maillonsdurhone.fr\/index.php\/wp-json\/wp\/v2\/comments?post=43"}],"version-history":[{"count":2,"href":"https:\/\/maillonsdurhone.fr\/index.php\/wp-json\/wp\/v2\/pages\/43\/revisions"}],"predecessor-version":[{"id":65,"href":"https:\/\/maillonsdurhone.fr\/index.php\/wp-json\/wp\/v2\/pages\/43\/revisions\/65"}],"wp:attachment":[{"href":"https:\/\/maillonsdurhone.fr\/index.php\/wp-json\/wp\/v2\/media?parent=43"}],"curies":[{"name":"wp","href":"https:\/\/api.w.org\/{rel}","templated":true}]}}