{"id":40,"date":"2023-03-26T11:31:55","date_gmt":"2023-03-26T09:31:55","guid":{"rendered":"http:\/\/maillonsdurhone.fr\/?page_id=40"},"modified":"2023-03-26T12:57:32","modified_gmt":"2023-03-26T10:57:32","slug":"etre-force-de-propositions-dans-lorganisation-et-lamenagement-des-voies-de-circulation","status":"publish","type":"page","link":"https:\/\/maillonsdurhone.fr\/index.php\/etre-force-de-propositions-dans-lorganisation-et-lamenagement-des-voies-de-circulation\/","title":{"rendered":"\u00catre force de propositions dans l&#8217;organisation et l&#8217;am\u00e9nagement des voies de circulation"},"content":{"rendered":"\n<p>Nous proposons de travailler avec les services comp\u00e9tents, afin que les am\u00e9nagements cyclistes r\u00e9alis\u00e9s prennent en compte la r\u00e9alit\u00e9 de la pratique et le contexte local.<\/p>\n\n\n\n<p>Nous proposons \u00e9galement une veille sur les nouvelles r\u00e9glementations cyclistes, l&#8217;\u00e9volution du code de la route et toute innovation qui favorise le bien \u00eatre des modes actifs.<\/p>\n\n\n\n<figure class=\"wp-block-image size-full\"><img decoding=\"async\" width=\"960\" height=\"720\" data-src=\"https:\/\/maillonsdurhone.fr\/wp-content\/uploads\/2023\/03\/62177576_644103549440863_6099911208901541888_n.jpg\" alt=\"\" class=\"wp-image-66 lazyload\" data-srcset=\"https:\/\/maillonsdurhone.fr\/wp-content\/uploads\/2023\/03\/62177576_644103549440863_6099911208901541888_n.jpg 960w, https:\/\/maillonsdurhone.fr\/wp-content\/uploads\/2023\/03\/62177576_644103549440863_6099911208901541888_n-300x225.jpg 300w, https:\/\/maillonsdurhone.fr\/wp-content\/uploads\/2023\/03\/62177576_644103549440863_6099911208901541888_n-768x576.jpg 768w, https:\/\/maillonsdurhone.fr\/wp-content\/uploads\/2023\/03\/62177576_644103549440863_6099911208901541888_n-678x509.jpg 678w, https:\/\/maillonsdurhone.fr\/wp-content\/uploads\/2023\/03\/62177576_644103549440863_6099911208901541888_n-326x245.jpg 326w, https:\/\/maillonsdurhone.fr\/wp-content\/uploads\/2023\/03\/62177576_644103549440863_6099911208901541888_n-80x60.jpg 80w\" data-sizes=\"(max-width: 960px) 100vw, 960px\" src=\"data:image\/svg+xml;base64,PHN2ZyB3aWR0aD0iMSIgaGVpZ2h0PSIxIiB4bWxucz0iaHR0cDovL3d3dy53My5vcmcvMjAwMC9zdmciPjwvc3ZnPg==\" style=\"--smush-placeholder-width: 960px; --smush-placeholder-aspect-ratio: 960\/720;\" \/><\/figure>\n","protected":false},"excerpt":{"rendered":"<div class=\"mh-excerpt\"><p>Nous proposons de travailler avec les services comp\u00e9tents, afin que les am\u00e9nagements cyclistes r\u00e9alis\u00e9s prennent en compte la r\u00e9alit\u00e9 de la pratique et le contexte <a class=\"mh-excerpt-more\" href=\"https:\/\/maillonsdurhone.fr\/index.php\/etre-force-de-propositions-dans-lorganisation-et-lamenagement-des-voies-de-circulation\/\" title=\"\u00catre force de propositions dans l&#8217;organisation et l&#8217;am\u00e9nagement des voies de circulation\">[&#8230;]<\/a><\/p>\n<\/div>","protected":false},"author":1,"featured_media":0,"parent":0,"menu_order":0,"comment_status":"closed","ping_status":"closed","template":"","meta":{"footnotes":""},"class_list":["post-40","page","type-page","status-publish","hentry"],"_links":{"self":[{"href":"https:\/\/maillonsdurhone.fr\/index.php\/wp-json\/wp\/v2\/pages\/40","targetHints":{"allow":["GET"]}}],"collection":[{"href":"https:\/\/maillonsdurhone.fr\/index.php\/wp-json\/wp\/v2\/pages"}],"about":[{"href":"https:\/\/maillonsdurhone.fr\/index.php\/wp-json\/wp\/v2\/types\/page"}],"author":[{"embeddable":true,"href":"https:\/\/maillonsdurhone.fr\/index.php\/wp-json\/wp\/v2\/users\/1"}],"replies":[{"embeddable":true,"href":"https:\/\/maillonsdurhone.fr\/index.php\/wp-json\/wp\/v2\/comments?post=40"}],"version-history":[{"count":2,"href":"https:\/\/maillonsdurhone.fr\/index.php\/wp-json\/wp\/v2\/pages\/40\/revisions"}],"predecessor-version":[{"id":67,"href":"https:\/\/maillonsdurhone.fr\/index.php\/wp-json\/wp\/v2\/pages\/40\/revisions\/67"}],"wp:attachment":[{"href":"https:\/\/maillonsdurhone.fr\/index.php\/wp-json\/wp\/v2\/media?parent=40"}],"curies":[{"name":"wp","href":"https:\/\/api.w.org\/{rel}","templated":true}]}}